{"id":5,"date":"2010-09-04T23:37:34","date_gmt":"2010-09-04T23:37:34","guid":{"rendered":"http:\/\/edit-h.de\/index.php\/"},"modified":"2010-10-12T02:00:55","modified_gmt":"2010-10-12T02:00:55","slug":"projekte","status":"publish","type":"page","link":"http:\/\/edit-h.de\/index.php\/projekte\/","title":{"rendered":"Projekte"},"content":{"rendered":"<h3>&#8222;Still&#8220;<\/h3>\n<p><a href=\"http:\/\/edit-h.de\/wp-content\/uploads\/2010\/09\/edit_h_still_cd_cover_600px.png\"><img loading=\"lazy\" class=\"alignleft size-medium wp-image-31\" title=\"Still Cover\" src=\"http:\/\/edit-h.de\/wp-content\/uploads\/2010\/09\/edit_h_still_cd_cover_600px-300x297.png\" alt=\"\" width=\"300\" height=\"297\" srcset=\"http:\/\/edit-h.de\/wp-content\/uploads\/2010\/09\/edit_h_still_cd_cover_600px-300x297.png 300w, http:\/\/edit-h.de\/wp-content\/uploads\/2010\/09\/edit_h_still_cd_cover_600px-150x150.png 150w, http:\/\/edit-h.de\/wp-content\/uploads\/2010\/09\/edit_h_still_cd_cover_600px.png 600w\" sizes=\"(max-width: 300px) 100vw, 300px\" \/><\/a>Unter dem Titel <strong>&#8222;Still&#8220; <\/strong>wurde am 8. Oktober 2010 das neue Album von Edit_H ver\u00f6ffentlicht.<\/p>\n<p>&#8222;Die neue Platte ist eine Weiterf\u00fchrung dessen, wof\u00fcr Edit_H steht: Qualitativ hochwertige Musik, die das Herz trifft und die Beine bewegen l\u00e4sst!&#8220;, sagt Kris. &#8222;Wir sind gespannt, ob das Publikum so begeistert ist, wie wir es sind.&#8220;<\/p>\n<p>Mit <strong>Robb Vallier<\/strong> gewann die Band einen erfahrenen Co-Produzenten, der ganz auf ihrer Wellenl\u00e4nge  war. Robb besuchte das Berklee College of Music. Sp\u00e4ter arbeitete er mit Gr\u00f6\u00dfen der  Musikindustrie wie Paul McCartney, Dave Stewart, Jon Bon Jovi, Miachel  Kamen und Randy Jackson, um nur einige zu nennen.<\/p>\n<p>Als Gastmusiker  gewannen Edit_H u. a. auch <strong>T.M. Stevens<\/strong>. Dem breiten Publikum ist er wohl am ehesten durch sein Bass-Riff  zu Beginn des Joe-Cocker-Songs <em>Unchain my Heart<\/em> bekannt. Er war unter anderem Studiomusiker  bei James Brown,Tina Turner, Cyndi Lauper und Billy Joel, sowie festes Mitglied der  <em>Pretenders<\/em>.\u00a0Au\u00dferdem  sang <strong>Kirk Smith<\/strong> ein Duett mit Kris, welches sp\u00e4ter im Jahr noch als  Single heraus gebracht werden soll.<\/p>\n<p>Die meisten Aufnahmen wurden  in Deutschland eingespielt und dann in Robbs Studio in Arizona gemixt.<\/p>\n","protected":false},"excerpt":{"rendered":"<p>&#8222;Still&#8220; Unter dem Titel &#8222;Still&#8220; wurde am 8. Oktober 2010 das neue Album von Edit_H ver\u00f6ffentlicht. &#8222;Die neue Platte ist eine Weiterf\u00fchrung dessen, wof\u00fcr Edit_H steht: Qualitativ hochwertige Musik, die das Herz trifft und die Beine bewegen l\u00e4sst!&#8220;, sagt Kris. &#8222;Wir sind gespannt, ob das Publikum so begeistert ist, wie wir es sind.&#8220; Mit Robb [&hellip;]<\/p>\n","protected":false},"author":1,"featured_media":0,"parent":0,"menu_order":2,"comment_status":"closed","ping_status":"closed","template":"","meta":[],"_links":{"self":[{"href":"http:\/\/edit-h.de\/index.php\/wp-json\/wp\/v2\/pages\/5"}],"collection":[{"href":"http:\/\/edit-h.de\/index.php\/wp-json\/wp\/v2\/pages"}],"about":[{"href":"http:\/\/edit-h.de\/index.php\/wp-json\/wp\/v2\/types\/page"}],"author":[{"embeddable":true,"href":"http:\/\/edit-h.de\/index.php\/wp-json\/wp\/v2\/users\/1"}],"replies":[{"embeddable":true,"href":"http:\/\/edit-h.de\/index.php\/wp-json\/wp\/v2\/comments?post=5"}],"version-history":[{"count":24,"href":"http:\/\/edit-h.de\/index.php\/wp-json\/wp\/v2\/pages\/5\/revisions"}],"predecessor-version":[{"id":175,"href":"http:\/\/edit-h.de\/index.php\/wp-json\/wp\/v2\/pages\/5\/revisions\/175"}],"wp:attachment":[{"href":"http:\/\/edit-h.de\/index.php\/wp-json\/wp\/v2\/media?parent=5"}],"curies":[{"name":"wp","href":"https:\/\/api.w.org\/{rel}","templated":true}]}}