{"id":251,"date":"2011-09-29T17:26:39","date_gmt":"2011-09-29T17:26:39","guid":{"rendered":"http:\/\/edit-h.de\/?page_id=251"},"modified":"2011-10-02T19:19:33","modified_gmt":"2011-10-02T19:19:33","slug":"touch-your-soul","status":"publish","type":"page","link":"http:\/\/edit-h.de\/index.php\/projekte\/touch-your-soul\/","title":{"rendered":"Touch Your Soul"},"content":{"rendered":"<p><a href=\"http:\/\/edit-h.de\/wp-content\/uploads\/2011\/09\/edit_afrika4.jpg\"><img loading=\"lazy\" class=\"alignleft size-medium wp-image-257\" style=\"margin: 10px;\" title=\"Edit_H_Afrika4\" src=\"http:\/\/edit-h.de\/wp-content\/uploads\/2011\/09\/edit_afrika4-300x224.jpg\" alt=\"Edit_H in Afrika\" width=\"300\" height=\"224\" srcset=\"http:\/\/edit-h.de\/wp-content\/uploads\/2011\/09\/edit_afrika4-300x224.jpg 300w, http:\/\/edit-h.de\/wp-content\/uploads\/2011\/09\/edit_afrika4-1024x767.jpg 1024w, http:\/\/edit-h.de\/wp-content\/uploads\/2011\/09\/edit_afrika4.jpg 1134w\" sizes=\"(max-width: 300px) 100vw, 300px\" \/><\/a><strong>Ostafrika erlebt zur Zeit die gr\u00f6sste Hungersnot seit Jahrzehnten. W\u00e4hrend sich die Aufmerksamkeit der Medien wieder anderen Themen zuwendet, verschlechtert sich die Lage vor Ort weiter.<\/strong><\/p>\n<p>Die Hilfsorganisation UNICEF geht in einer Pressemeldung im September 2011 davon aus, da\u00df allein in Somalia jetzt 450.000 Kinder unter f\u00fcnf Jahren akut mangelern\u00e4hrt, darunter 190.000 in einem lebensbedrohlichen Zustand sind.<\/p>\n<p><strong>Wir m\u00f6chten Euch ermutigen zu helfen.<\/strong><\/p>\n<p><a href=\"http:\/\/edit-h.de\/wp-content\/uploads\/2011\/09\/edit_afrika2.jpg\"><img loading=\"lazy\" class=\"alignleft\" style=\"margin: 10px;\" title=\"edit_H_afrika2\" src=\"http:\/\/edit-h.de\/wp-content\/uploads\/2011\/09\/edit_afrika2-300x224.jpg\" alt=\"Edit_H in Afrika\" width=\"300\" height=\"224\" \/><\/a>Im B\u00fcndnis Entwicklung Hilft <a href=\"http:\/\/www.entwicklung-hilft.de\" target=\"_blank\">http:\/\/www.entwicklung-hilft.de<\/a> haben sich Brot f\u00fcr die Welt, Welthungerhilfe, terre des hommes, medico international und Caritas zusammengeschlossen.<\/p>\n<p>Spendenkonto 5151<\/p>\n<p>Bank f\u00fcr Sozialwirtschaft<\/p>\n<p>BLZ 370 205 00<\/p>\n<p>&nbsp;<\/p>\n<p><a href=\"http:\/\/edit-h.de\/wp-content\/uploads\/2011\/09\/wdit_h_afrika1.jpg\"><img loading=\"lazy\" class=\"alignleft\" style=\"margin: 10px;\" title=\"edit_h_afrika1\" src=\"http:\/\/edit-h.de\/wp-content\/uploads\/2011\/09\/wdit_h_afrika1-300x224.jpg\" alt=\"Edit_H in Afrika\" width=\"300\" height=\"224\" \/><\/a>Bei der Aktion Deutschland Hilft <a href=\"http:\/\/www.aktion-deutschland-hilft.de\" target=\"_blank\">http:\/\/www.aktion-deutschland-hilft.de<\/a> sind u.a. action medeor, ADRA,<br \/>\nArbeiter-Samariter-Bund, AWO International, CARE International Deutschland, Help, Johanniter-Unfall-Hilfe, Malteser Hilfsdienst, HELP &#8211; Hilfe zur Selbsthilfe, Parit\u00e4tischer Wohlfahrtsverband, World Vision Deutschland, Habitat for Humanity und Islamic Relief mit im Boot.<\/p>\n<p>Spendenkonto 10 20 30<\/p>\n<p>Sozialbank K\u00f6ln<\/p>\n<p>BLZ 370 205 00<\/p>\n<p><a href=\"http:\/\/edit-h.de\/wp-content\/uploads\/2011\/09\/edit_afrika3.jpg\"><img loading=\"lazy\" class=\"alignleft size-medium wp-image-262\" style=\"margin: 10px;\" title=\"edit_H_afrika3\" src=\"http:\/\/edit-h.de\/wp-content\/uploads\/2011\/09\/edit_afrika3-224x300.jpg\" alt=\"Edit_H in Afrika\" width=\"224\" height=\"300\" srcset=\"http:\/\/edit-h.de\/wp-content\/uploads\/2011\/09\/edit_afrika3-224x300.jpg 224w, http:\/\/edit-h.de\/wp-content\/uploads\/2011\/09\/edit_afrika3-767x1024.jpg 767w, http:\/\/edit-h.de\/wp-content\/uploads\/2011\/09\/edit_afrika3.jpg 850w\" sizes=\"(max-width: 224px) 100vw, 224px\" \/><\/a>Es gibt viele weitere gute Adressen, wie z.B. \u00c4rzte ohne Grenzen, Deutsches Rotes Kreuz, die Heilsarmee,&#8230;<\/p>\n<p><strong>Deine Spende kann Menschen vor dem sicheren Hungertod bewahren.<\/strong><\/p>\n<p>&nbsp;<\/p>\n<p>Zusammen mit Spreadshirt hat Edit_H einen kleinen <a href=\"http:\/\/edit-h.spreadshirt.de\/\" target=\"_blank\">Merchandising Shop<\/a> er\u00f6ffnet. Hier k\u00f6nnen qualitativ hochwertige Artikel gekauft werden. 10% der Eink\u00fcnfte gehen direkt in die <a href=\"http:\/\/edit-h.de\/index.php\/projekte\/touch-your-soul\/\">&#8222;Touch Your Soul&#8220;<\/a> Kampagne der Band, die damit einen Beitrag zur Hilfe in Afrika leisten m\u00f6chte.<\/p>\n<p><a href=\"http:\/\/edit-h.de\/wp-content\/uploads\/2011\/09\/edit_h_your_cure_cover_web.jpg\"><img loading=\"lazy\" class=\"size-medium wp-image-263 alignright\" style=\"margin: 10px;\" title=\"edit_h_your_cure_cover_web\" src=\"http:\/\/edit-h.de\/wp-content\/uploads\/2011\/09\/edit_h_your_cure_cover_web-300x300.jpg\" alt=\"Cover der Single THE CURE von Edit_H\" width=\"224\" height=\"224\" srcset=\"http:\/\/edit-h.de\/wp-content\/uploads\/2011\/09\/edit_h_your_cure_cover_web-300x300.jpg 300w, http:\/\/edit-h.de\/wp-content\/uploads\/2011\/09\/edit_h_your_cure_cover_web-150x150.jpg 150w, http:\/\/edit-h.de\/wp-content\/uploads\/2011\/09\/edit_h_your_cure_cover_web.jpg 340w\" sizes=\"(max-width: 224px) 100vw, 224px\" \/><\/a>&#8222;Es ist uns ein Herzensanliegen das wir gemeinsam was f\u00fcr die Kinder in Afrika unternehmen. Als wir das Video zu unserem Song &#8218;The Cure&#8216; dort gedreht haben, konnten wir mit vielen Menschen reden und ihnen auch teilweise helfen. Erst wenn man die Not dort gesehen hat, wird man erkennen, wie wichtig es ist, diese Menschen zu unterst\u00fctzen.&#8220; kommentierte eine nachdenklich wirkende Kris. &#8222;Seit ein paar Jahren habe ich Kontakt nach Kenia, aber ern\u00e4hrungsm\u00e4ssig war es in Ostafrika noch nie so krass. Eine Mischung aus schlechter Ernte und Inflation. Leute, die bisher gerade so durchkamen, erleben wie sich die Nahrungsmittelpreise verdoppeln und k\u00f6nnen nicht mehr einkaufen. In Deutschland ist das Thema leider nicht mehr auf Seite 1 der Zeitung.&#8220; erg\u00e4nzt Markus.<\/p>\n<p>&nbsp;<\/p>\n<p>&nbsp;<\/p>\n<p>&nbsp;<\/p>\n","protected":false},"excerpt":{"rendered":"<p>Ostafrika erlebt zur Zeit die gr\u00f6sste Hungersnot seit Jahrzehnten. W\u00e4hrend sich die Aufmerksamkeit der Medien wieder anderen Themen zuwendet, verschlechtert sich die Lage vor Ort weiter. Die Hilfsorganisation UNICEF geht in einer Pressemeldung im September 2011 davon aus, da\u00df allein in Somalia jetzt 450.000 Kinder unter f\u00fcnf Jahren akut mangelern\u00e4hrt, darunter 190.000 in einem lebensbedrohlichen [&hellip;]<\/p>\n","protected":false},"author":1,"featured_media":0,"parent":5,"menu_order":0,"comment_status":"open","ping_status":"open","template":"","meta":[],"_links":{"self":[{"href":"http:\/\/edit-h.de\/index.php\/wp-json\/wp\/v2\/pages\/251"}],"collection":[{"href":"http:\/\/edit-h.de\/index.php\/wp-json\/wp\/v2\/pages"}],"about":[{"href":"http:\/\/edit-h.de\/index.php\/wp-json\/wp\/v2\/types\/page"}],"author":[{"embeddable":true,"href":"http:\/\/edit-h.de\/index.php\/wp-json\/wp\/v2\/users\/1"}],"replies":[{"embeddable":true,"href":"http:\/\/edit-h.de\/index.php\/wp-json\/wp\/v2\/comments?post=251"}],"version-history":[{"count":46,"href":"http:\/\/edit-h.de\/index.php\/wp-json\/wp\/v2\/pages\/251\/revisions"}],"predecessor-version":[{"id":334,"href":"http:\/\/edit-h.de\/index.php\/wp-json\/wp\/v2\/pages\/251\/revisions\/334"}],"up":[{"embeddable":true,"href":"http:\/\/edit-h.de\/index.php\/wp-json\/wp\/v2\/pages\/5"}],"wp:attachment":[{"href":"http:\/\/edit-h.de\/index.php\/wp-json\/wp\/v2\/media?parent=251"}],"curies":[{"name":"wp","href":"https:\/\/api.w.org\/{rel}","templated":true}]}}